{"id":10150,"date":"2016-09-22T11:05:09","date_gmt":"2016-09-22T09:05:09","guid":{"rendered":"https:\/\/be.markeasy.lu\/kontakt\/"},"modified":"2024-01-23T13:04:07","modified_gmt":"2024-01-23T12:04:07","slug":"kontakt","status":"publish","type":"page","link":"https:\/\/bienetre.lu\/de\/kontakt\/","title":{"rendered":"Kontakt"},"content":{"rendered":"\t\t<div data-elementor-type=\"wp-page\" data-elementor-id=\"10150\" class=\"elementor elementor-10150 elementor-646\" data-elementor-post-type=\"page\">\n\t\t\t\t\t\t<section class=\"elementor-section elementor-top-section elementor-element elementor-element-bf6d06d elementor-section-full_width elementor-section-height-min-height elementor-section-stretched elementor-section-height-default elementor-section-items-middle\" data-id=\"bf6d06d\" data-element_type=\"section\" data-e-type=\"section\" data-settings=\"{&quot;stretch_section&quot;:&quot;section-stretched&quot;,&quot;background_background&quot;:&quot;classic&quot;,&quot;shape_divider_bottom&quot;:&quot;waves&quot;}\">\n\t\t\t\t\t\t\t<div class=\"elementor-background-overlay\"><\/div>\n\t\t\t\t\t\t<div class=\"elementor-shape elementor-shape-bottom\" aria-hidden=\"true\" data-negative=\"false\">\n\t\t\t<svg xmlns=\"http:\/\/www.w3.org\/2000\/svg\" viewBox=\"0 0 1000 100\" preserveAspectRatio=\"none\">\n\t<path class=\"elementor-shape-fill\" d=\"M421.9,6.5c22.6-2.5,51.5,0.4,75.5,5.3c23.6,4.9,70.9,23.5,100.5,35.7c75.8,32.2,133.7,44.5,192.6,49.7\n\tc23.6,2.1,48.7,3.5,103.4-2.5c54.7-6,106.2-25.6,106.2-25.6V0H0v30.3c0,0,72,32.6,158.4,30.5c39.2-0.7,92.8-6.7,134-22.4\n\tc21.2-8.1,52.2-18.2,79.7-24.2C399.3,7.9,411.6,7.5,421.9,6.5z\"\/>\n<\/svg>\t\t<\/div>\n\t\t\t\t\t<div class=\"elementor-container elementor-column-gap-no\">\n\t\t\t\t\t<div class=\"elementor-column elementor-col-100 elementor-top-column elementor-element elementor-element-b802b88\" data-id=\"b802b88\" data-element_type=\"column\" data-e-type=\"column\">\n\t\t\t<div class=\"elementor-widget-wrap\">\n\t\t\t\t\t\t\t<\/div>\n\t\t<\/div>\n\t\t\t\t\t<\/div>\n\t\t<\/section>\n\t\t\t\t<section class=\"elementor-section elementor-top-section elementor-element elementor-element-fa0ff4c elementor-section-boxed elementor-section-height-default elementor-section-height-default\" data-id=\"fa0ff4c\" data-element_type=\"section\" data-e-type=\"section\" data-settings=\"{&quot;background_background&quot;:&quot;classic&quot;}\">\n\t\t\t\t\t\t\t<div class=\"elementor-background-overlay\"><\/div>\n\t\t\t\t\t\t\t<div class=\"elementor-container elementor-column-gap-default\">\n\t\t\t\t\t<div class=\"elementor-column elementor-col-100 elementor-top-column elementor-element elementor-element-eeca0ac\" data-id=\"eeca0ac\" data-element_type=\"column\" data-e-type=\"column\" data-settings=\"{&quot;background_background&quot;:&quot;classic&quot;}\">\n\t\t\t<div class=\"elementor-widget-wrap elementor-element-populated\">\n\t\t\t\t\t<div class=\"elementor-background-overlay\"><\/div>\n\t\t\t\t\t\t<div class=\"elementor-element elementor-element-02781ad animated-slow elementor-invisible elementor-widget elementor-widget-image\" data-id=\"02781ad\" data-element_type=\"widget\" data-e-type=\"widget\" data-settings=\"{&quot;_animation&quot;:&quot;fadeInUp&quot;,&quot;_animation_delay&quot;:500}\" data-widget_type=\"image.default\">\n\t\t\t\t<div class=\"elementor-widget-container\">\n\t\t\t\t\t\t\t\t\t\t\t\t\t\t\t<img decoding=\"async\" width=\"100\" height=\"100\" src=\"https:\/\/bienetre.lu\/wp-content\/uploads\/2024\/01\/icone-laser-page.png\" class=\"attachment-full size-full wp-image-10109\" alt=\"\" \/>\t\t\t\t\t\t\t\t\t\t\t\t\t\t\t<\/div>\n\t\t\t\t<\/div>\n\t\t\t\t<div class=\"elementor-element elementor-element-07f1be5 elementor-widget elementor-widget-heading\" data-id=\"07f1be5\" data-element_type=\"widget\" data-e-type=\"widget\" data-widget_type=\"heading.default\">\n\t\t\t\t<div class=\"elementor-widget-container\">\n\t\t\t\t\t<h2 class=\"elementor-heading-title elementor-size-default\">Kontakt<\/h2>\t\t\t\t<\/div>\n\t\t\t\t<\/div>\n\t\t\t\t<div class=\"elementor-element elementor-element-1d8072d animated-slow elementor-widget-divider--view-line elementor-invisible elementor-widget elementor-widget-divider\" data-id=\"1d8072d\" data-element_type=\"widget\" data-e-type=\"widget\" data-settings=\"{&quot;_animation&quot;:&quot;fadeInUp&quot;,&quot;_animation_delay&quot;:800}\" data-widget_type=\"divider.default\">\n\t\t\t\t<div class=\"elementor-widget-container\">\n\t\t\t\t\t\t\t<div class=\"elementor-divider\">\n\t\t\t<span class=\"elementor-divider-separator\">\n\t\t\t\t\t\t<\/span>\n\t\t<\/div>\n\t\t\t\t\t\t<\/div>\n\t\t\t\t<\/div>\n\t\t\t\t<section class=\"elementor-section elementor-inner-section elementor-element elementor-element-a6d1587 elementor-section-boxed elementor-section-height-default elementor-section-height-default\" data-id=\"a6d1587\" data-element_type=\"section\" data-e-type=\"section\">\n\t\t\t\t\t\t<div class=\"elementor-container elementor-column-gap-default\">\n\t\t\t\t\t<div class=\"elementor-column elementor-col-100 elementor-inner-column elementor-element elementor-element-01b2751 animated-slow elementor-invisible\" data-id=\"01b2751\" data-element_type=\"column\" data-e-type=\"column\" data-settings=\"{&quot;animation&quot;:&quot;fadeInUp&quot;,&quot;animation_delay&quot;:1200}\">\n\t\t\t<div class=\"elementor-widget-wrap elementor-element-populated\">\n\t\t\t\t\t\t<div class=\"elementor-element elementor-element-79a7097 elementor-widget elementor-widget-heading\" data-id=\"79a7097\" data-element_type=\"widget\" data-e-type=\"widget\" data-widget_type=\"heading.default\">\n\t\t\t\t<div class=\"elementor-widget-container\">\n\t\t\t\t\t<h2 class=\"elementor-heading-title elementor-size-default\">Frau Glodt Georgette<\/h2>\t\t\t\t<\/div>\n\t\t\t\t<\/div>\n\t\t\t\t<div class=\"elementor-element elementor-element-dd1ab00 elementor-widget elementor-widget-text-editor\" data-id=\"dd1ab00\" data-element_type=\"widget\" data-e-type=\"widget\" data-widget_type=\"text-editor.default\">\n\t\t\t\t<div class=\"elementor-widget-container\">\n\t\t\t\t\t\t\t\t\t<p><strong>Ihre Gesundheit ist uns wichtig und wir tun alles, damit Sie sich wohlf\u00fchlen!<\/strong><\/p>\n<p><strong>Georgette Glodt <\/strong>empf\u00e4ngt Sie und ber\u00e4t Sie pers\u00f6nlich in einer einladenden und entspannten Atmosph\u00e4re. Wir begleiten Sie w\u00e4hrend der gesamten Behandlung auf angenehme Weise und vertraulich.<\/p>\n<p><strong><em>Vereinbaren Sie einen Termin f\u00fcr Ihre Gesundheit (nur per Telefon)<br \/><\/em><\/strong><\/p>\n\t\t\t\t\t\t\t\t<\/div>\n\t\t\t\t<\/div>\n\t\t\t\t<div class=\"elementor-element elementor-element-0a155f9 elementor-align-center elementor-icon-list--layout-traditional elementor-list-item-link-full_width elementor-widget elementor-widget-icon-list\" data-id=\"0a155f9\" data-element_type=\"widget\" data-e-type=\"widget\" data-widget_type=\"icon-list.default\">\n\t\t\t\t<div class=\"elementor-widget-container\">\n\t\t\t\t\t\t\t<ul class=\"elementor-icon-list-items\">\n\t\t\t\t\t\t\t<li class=\"elementor-icon-list-item\">\n\t\t\t\t\t\t\t\t\t\t\t<span class=\"elementor-icon-list-icon\">\n\t\t\t\t\t\t\t<svg aria-hidden=\"true\" class=\"e-font-icon-svg e-fas-map-marker-alt\" viewBox=\"0 0 384 512\" xmlns=\"http:\/\/www.w3.org\/2000\/svg\"><path d=\"M172.268 501.67C26.97 291.031 0 269.413 0 192 0 85.961 85.961 0 192 0s192 85.961 192 192c0 77.413-26.97 99.031-172.268 309.67-9.535 13.774-29.93 13.773-39.464 0zM192 272c44.183 0 80-35.817 80-80s-35.817-80-80-80-80 35.817-80 80 35.817 80 80 80z\"><\/path><\/svg>\t\t\t\t\t\t<\/span>\n\t\t\t\t\t\t\t\t\t\t<span class=\"elementor-icon-list-text\">54 Rue Principale L-9168 Mertzig (M\u00e4erzeg)<\/span>\n\t\t\t\t\t\t\t\t\t<\/li>\n\t\t\t\t\t\t\t\t<li class=\"elementor-icon-list-item\">\n\t\t\t\t\t\t\t\t\t\t\t<a href=\"tel:+35226880669\">\n\n\t\t\t\t\t\t\t\t\t\t\t\t<span class=\"elementor-icon-list-icon\">\n\t\t\t\t\t\t\t<svg aria-hidden=\"true\" class=\"e-font-icon-svg e-fas-phone-alt\" viewBox=\"0 0 512 512\" xmlns=\"http:\/\/www.w3.org\/2000\/svg\"><path d=\"M497.39 361.8l-112-48a24 24 0 0 0-28 6.9l-49.6 60.6A370.66 370.66 0 0 1 130.6 204.11l60.6-49.6a23.94 23.94 0 0 0 6.9-28l-48-112A24.16 24.16 0 0 0 122.6.61l-104 24A24 24 0 0 0 0 48c0 256.5 207.9 464 464 464a24 24 0 0 0 23.4-18.6l24-104a24.29 24.29 0 0 0-14.01-27.6z\"><\/path><\/svg>\t\t\t\t\t\t<\/span>\n\t\t\t\t\t\t\t\t\t\t<span class=\"elementor-icon-list-text\">+352 26 88 06 69<\/span>\n\t\t\t\t\t\t\t\t\t\t\t<\/a>\n\t\t\t\t\t\t\t\t\t<\/li>\n\t\t\t\t\t\t\t\t<li class=\"elementor-icon-list-item\">\n\t\t\t\t\t\t\t\t\t\t\t<a href=\"tel:+352621730543\">\n\n\t\t\t\t\t\t\t\t\t\t\t\t<span class=\"elementor-icon-list-icon\">\n\t\t\t\t\t\t\t<svg aria-hidden=\"true\" class=\"e-font-icon-svg e-fas-mobile-alt\" viewBox=\"0 0 320 512\" xmlns=\"http:\/\/www.w3.org\/2000\/svg\"><path d=\"M272 0H48C21.5 0 0 21.5 0 48v416c0 26.5 21.5 48 48 48h224c26.5 0 48-21.5 48-48V48c0-26.5-21.5-48-48-48zM160 480c-17.7 0-32-14.3-32-32s14.3-32 32-32 32 14.3 32 32-14.3 32-32 32zm112-108c0 6.6-5.4 12-12 12H60c-6.6 0-12-5.4-12-12V60c0-6.6 5.4-12 12-12h200c6.6 0 12 5.4 12 12v312z\"><\/path><\/svg>\t\t\t\t\t\t<\/span>\n\t\t\t\t\t\t\t\t\t\t<span class=\"elementor-icon-list-text\">+352 621 73 05 43<\/span>\n\t\t\t\t\t\t\t\t\t\t\t<\/a>\n\t\t\t\t\t\t\t\t\t<\/li>\n\t\t\t\t\t\t\t\t<li class=\"elementor-icon-list-item\">\n\t\t\t\t\t\t\t\t\t\t\t<span class=\"elementor-icon-list-icon\">\n\t\t\t\t\t\t\t<svg aria-hidden=\"true\" class=\"e-font-icon-svg e-far-clock\" viewBox=\"0 0 512 512\" xmlns=\"http:\/\/www.w3.org\/2000\/svg\"><path d=\"M256 8C119 8 8 119 8 256s111 248 248 248 248-111 248-248S393 8 256 8zm0 448c-110.5 0-200-89.5-200-200S145.5 56 256 56s200 89.5 200 200-89.5 200-200 200zm61.8-104.4l-84.9-61.7c-3.1-2.3-4.9-5.9-4.9-9.7V116c0-6.6 5.4-12 12-12h32c6.6 0 12 5.4 12 12v141.7l66.8 48.6c5.4 3.9 6.5 11.4 2.6 16.8L334.6 349c-3.9 5.3-11.4 6.5-16.8 2.6z\"><\/path><\/svg>\t\t\t\t\t\t<\/span>\n\t\t\t\t\t\t\t\t\t\t<span class=\"elementor-icon-list-text\">Telefonischer Termin :<br>Montag bis Freitag: 08:00 - 12:00 Uhr und 14:00 - 19:00 Uhr<\/span>\n\t\t\t\t\t\t\t\t\t<\/li>\n\t\t\t\t\t\t<\/ul>\n\t\t\t\t\t\t<\/div>\n\t\t\t\t<\/div>\n\t\t\t\t<div class=\"elementor-element elementor-element-ad44079 elementor-align-left reservation_mobile elementor-widget elementor-widget-button\" data-id=\"ad44079\" data-element_type=\"widget\" data-e-type=\"widget\" data-widget_type=\"button.default\">\n\t\t\t\t<div class=\"elementor-widget-container\">\n\t\t\t\t\t\t\t\t\t<div class=\"elementor-button-wrapper\">\n\t\t\t\t\t<a class=\"elementor-button elementor-button-link elementor-size-xs\" href=\"tel:+352621506106\">\n\t\t\t\t\t\t<span class=\"elementor-button-content-wrapper\">\n\t\t\t\t\t\t<span class=\"elementor-button-icon\">\n\t\t\t\t<svg aria-hidden=\"true\" class=\"e-font-icon-svg e-fas-phone-alt\" viewBox=\"0 0 512 512\" xmlns=\"http:\/\/www.w3.org\/2000\/svg\"><path d=\"M497.39 361.8l-112-48a24 24 0 0 0-28 6.9l-49.6 60.6A370.66 370.66 0 0 1 130.6 204.11l60.6-49.6a23.94 23.94 0 0 0 6.9-28l-48-112A24.16 24.16 0 0 0 122.6.61l-104 24A24 24 0 0 0 0 48c0 256.5 207.9 464 464 464a24 24 0 0 0 23.4-18.6l24-104a24.29 24.29 0 0 0-14.01-27.6z\"><\/path><\/svg>\t\t\t<\/span>\n\t\t\t\t\t\t\t\t\t<span class=\"elementor-button-text\">Termin vereinbaren<\/span>\n\t\t\t\t\t<\/span>\n\t\t\t\t\t<\/a>\n\t\t\t\t<\/div>\n\t\t\t\t\t\t\t\t<\/div>\n\t\t\t\t<\/div>\n\t\t\t\t\t<\/div>\n\t\t<\/div>\n\t\t\t\t\t<\/div>\n\t\t<\/section>\n\t\t\t\t\t<\/div>\n\t\t<\/div>\n\t\t\t\t\t<\/div>\n\t\t<\/section>\n\t\t\t\t<section class=\"elementor-section elementor-top-section elementor-element elementor-element-27f2863 elementor-section-full_width elementor-section-stretched elementor-section-height-default elementor-section-height-default\" data-id=\"27f2863\" data-element_type=\"section\" data-e-type=\"section\" data-settings=\"{&quot;stretch_section&quot;:&quot;section-stretched&quot;}\">\n\t\t\t\t\t\t<div class=\"elementor-container elementor-column-gap-no\">\n\t\t\t\t\t<div class=\"elementor-column elementor-col-100 elementor-top-column elementor-element elementor-element-4d4f906\" data-id=\"4d4f906\" data-element_type=\"column\" data-e-type=\"column\">\n\t\t\t<div class=\"elementor-widget-wrap elementor-element-populated\">\n\t\t\t\t\t\t<div class=\"elementor-element elementor-element-24be402 elementor-widget elementor-widget-Maps\" data-id=\"24be402\" data-element_type=\"widget\" data-e-type=\"widget\" data-widget_type=\"Maps.default\">\n\t\t\t\t<div class=\"elementor-widget-container\">\n\t\t\t\t\t<style>\n\t\t\t\t\n\t\t\t\t.elementor-addon-maps-frame { width:100%; height:100%; border:none; padding:0;margin:0;}\n\t\t\t\t.elementor-addon-maps {width:100%; height: 400px;position:relative;overflow:hidden;padding:0;margin:0;}\n\t\t\t\t.elementor-widget-wrap {min-height: auto !important;width:calc(100%);}\n\t\t\t\t<\/style><div class=\"elementor-addon-maps\"><iframe class=\"elementor-addon-maps-frame\"  width=\"100%\"  height=\"100%\"  frameborder=\"0\" referrerpolicy=\"no-referrer-when-downgrade\"   src=\"https:\/\/www.google.com\/maps\/embed\/v1\/place?key=AIzaSyDG-OK62I4Qgi2Cx-FmKXUhjkshDhoCEBg&q=54 Rue Principale L-9168 Mertzig&zoom=14\"  allowfullscreen><\/iframe><\/div>\t\t\t\t<\/div>\n\t\t\t\t<\/div>\n\t\t\t\t\t<\/div>\n\t\t<\/div>\n\t\t\t\t\t<\/div>\n\t\t<\/section>\n\t\t\t\t<\/div>\n\t\t","protected":false},"excerpt":{"rendered":"<p>Kontakt Frau Glodt Georgette Ihre Gesundheit ist uns wichtig und wir tun alles, damit Sie sich wohlf\u00fchlen! Georgette Glodt empf\u00e4ngt Sie und ber\u00e4t Sie pers\u00f6nlich in einer einladenden und entspannten [&hellip;]<\/p>\n","protected":false},"author":1,"featured_media":0,"parent":0,"menu_order":18,"comment_status":"closed","ping_status":"closed","template":"","meta":{"ocean_post_layout":"full-screen","ocean_both_sidebars_style":"","ocean_both_sidebars_content_width":0,"ocean_both_sidebars_sidebars_width":0,"ocean_sidebar":"0","ocean_second_sidebar":"0","ocean_disable_margins":"on","ocean_add_body_class":"","ocean_shortcode_before_top_bar":"","ocean_shortcode_after_top_bar":"","ocean_shortcode_before_header":"","ocean_shortcode_after_header":"","ocean_has_shortcode":"","ocean_shortcode_after_title":"","ocean_shortcode_before_footer_widgets":"","ocean_shortcode_after_footer_widgets":"","ocean_shortcode_before_footer_bottom":"","ocean_shortcode_after_footer_bottom":"","ocean_display_top_bar":"default","ocean_display_header":"default","ocean_header_style":"","ocean_center_header_left_menu":"0","ocean_custom_header_template":"0","ocean_custom_logo":0,"ocean_custom_retina_logo":0,"ocean_custom_logo_max_width":0,"ocean_custom_logo_tablet_max_width":0,"ocean_custom_logo_mobile_max_width":0,"ocean_custom_logo_max_height":0,"ocean_custom_logo_tablet_max_height":0,"ocean_custom_logo_mobile_max_height":0,"ocean_header_custom_menu":"0","ocean_menu_typo_font_family":"0","ocean_menu_typo_font_subset":"","ocean_menu_typo_font_size":0,"ocean_menu_typo_font_size_tablet":0,"ocean_menu_typo_font_size_mobile":0,"ocean_menu_typo_font_size_unit":"px","ocean_menu_typo_font_weight":"","ocean_menu_typo_font_weight_tablet":"","ocean_menu_typo_font_weight_mobile":"","ocean_menu_typo_transform":"","ocean_menu_typo_transform_tablet":"","ocean_menu_typo_transform_mobile":"","ocean_menu_typo_line_height":0,"ocean_menu_typo_line_height_tablet":0,"ocean_menu_typo_line_height_mobile":0,"ocean_menu_typo_line_height_unit":"","ocean_menu_typo_spacing":0,"ocean_menu_typo_spacing_tablet":0,"ocean_menu_typo_spacing_mobile":0,"ocean_menu_typo_spacing_unit":"","ocean_menu_link_color":"","ocean_menu_link_color_hover":"","ocean_menu_link_color_active":"","ocean_menu_link_background":"","ocean_menu_link_hover_background":"","ocean_menu_link_active_background":"","ocean_menu_social_links_bg":"","ocean_menu_social_hover_links_bg":"","ocean_menu_social_links_color":"","ocean_menu_social_hover_links_color":"","ocean_disable_title":"default","ocean_disable_heading":"default","ocean_post_title":"","ocean_post_subheading":"","ocean_post_title_style":"","ocean_post_title_background_color":"","ocean_post_title_background":0,"ocean_post_title_bg_image_position":"","ocean_post_title_bg_image_attachment":"","ocean_post_title_bg_image_repeat":"","ocean_post_title_bg_image_size":"","ocean_post_title_height":0,"ocean_post_title_bg_overlay":0.5,"ocean_post_title_bg_overlay_color":"","ocean_disable_breadcrumbs":"default","ocean_breadcrumbs_color":"","ocean_breadcrumbs_separator_color":"","ocean_breadcrumbs_links_color":"","ocean_breadcrumbs_links_hover_color":"","ocean_display_footer_widgets":"on","ocean_display_footer_bottom":"on","ocean_custom_footer_template":"0","footnotes":""},"class_list":["post-10150","page","type-page","status-publish","hentry","entry"],"yoast_head":"<!-- This site is optimized with the Yoast SEO plugin v27.5 - https:\/\/yoast.com\/product\/yoast-seo-wordpress\/ -->\n<title>Kontakt - Bienetre.lu | Mertzig - Luxembourg<\/title>\n<meta name=\"robots\" content=\"index, follow, max-snippet:-1, max-image-preview:large, max-video-preview:-1\" \/>\n<link rel=\"canonical\" href=\"https:\/\/bienetre.lu\/de\/kontakt\/\" \/>\n<meta property=\"og:locale\" content=\"de_DE\" \/>\n<meta property=\"og:type\" content=\"article\" \/>\n<meta property=\"og:title\" content=\"Kontakt - Bienetre.lu | Mertzig - Luxembourg\" \/>\n<meta property=\"og:description\" content=\"Kontakt Frau Glodt Georgette Ihre Gesundheit ist uns wichtig und wir tun alles, damit Sie sich wohlf\u00fchlen! Georgette Glodt empf\u00e4ngt Sie und ber\u00e4t Sie pers\u00f6nlich in einer einladenden und entspannten [&hellip;]\" \/>\n<meta property=\"og:url\" content=\"https:\/\/bienetre.lu\/de\/kontakt\/\" \/>\n<meta property=\"og:site_name\" content=\"Bienetre.lu | Mertzig - Luxembourg\" \/>\n<meta property=\"article:publisher\" content=\"https:\/\/fr-fr.facebook.com\/bienetre.mertzig\" \/>\n<meta property=\"article:modified_time\" content=\"2024-01-23T12:04:07+00:00\" \/>\n<meta property=\"og:image\" content=\"https:\/\/bienetre.lu\/wp-content\/uploads\/2024\/01\/icone-laser-page.png\" \/>\n<meta name=\"twitter:card\" content=\"summary_large_image\" \/>\n<script type=\"application\/ld+json\" class=\"yoast-schema-graph\">{\"@context\":\"https:\\\/\\\/schema.org\",\"@graph\":[{\"@type\":\"WebPage\",\"@id\":\"https:\\\/\\\/bienetre.lu\\\/de\\\/kontakt\\\/\",\"url\":\"https:\\\/\\\/bienetre.lu\\\/de\\\/kontakt\\\/\",\"name\":\"Kontakt - Bienetre.lu | Mertzig - Luxembourg\",\"isPartOf\":{\"@id\":\"https:\\\/\\\/bienetre.lu\\\/de\\\/#website\"},\"primaryImageOfPage\":{\"@id\":\"https:\\\/\\\/bienetre.lu\\\/de\\\/kontakt\\\/#primaryimage\"},\"image\":{\"@id\":\"https:\\\/\\\/bienetre.lu\\\/de\\\/kontakt\\\/#primaryimage\"},\"thumbnailUrl\":\"https:\\\/\\\/bienetre.lu\\\/wp-content\\\/uploads\\\/2024\\\/01\\\/icone-laser-page.png\",\"datePublished\":\"2016-09-22T09:05:09+00:00\",\"dateModified\":\"2024-01-23T12:04:07+00:00\",\"breadcrumb\":{\"@id\":\"https:\\\/\\\/bienetre.lu\\\/de\\\/kontakt\\\/#breadcrumb\"},\"inLanguage\":\"de\",\"potentialAction\":[{\"@type\":\"ReadAction\",\"target\":[\"https:\\\/\\\/bienetre.lu\\\/de\\\/kontakt\\\/\"]}]},{\"@type\":\"ImageObject\",\"inLanguage\":\"de\",\"@id\":\"https:\\\/\\\/bienetre.lu\\\/de\\\/kontakt\\\/#primaryimage\",\"url\":\"https:\\\/\\\/bienetre.lu\\\/wp-content\\\/uploads\\\/2024\\\/01\\\/icone-laser-page.png\",\"contentUrl\":\"https:\\\/\\\/bienetre.lu\\\/wp-content\\\/uploads\\\/2024\\\/01\\\/icone-laser-page.png\"},{\"@type\":\"BreadcrumbList\",\"@id\":\"https:\\\/\\\/bienetre.lu\\\/de\\\/kontakt\\\/#breadcrumb\",\"itemListElement\":[{\"@type\":\"ListItem\",\"position\":1,\"name\":\"Accueil\",\"item\":\"https:\\\/\\\/bienetre.lu\\\/de\\\/\"},{\"@type\":\"ListItem\",\"position\":2,\"name\":\"Kontakt\"}]},{\"@type\":\"WebSite\",\"@id\":\"https:\\\/\\\/bienetre.lu\\\/de\\\/#website\",\"url\":\"https:\\\/\\\/bienetre.lu\\\/de\\\/\",\"name\":\"Bien \u00catre | Mertzig - Luxembourg\",\"description\":\"Arr\u00eater de fumer - Perte de poids - Stop addictions - Reiki - Thetahealing\",\"publisher\":{\"@id\":\"https:\\\/\\\/bienetre.lu\\\/de\\\/#organization\"},\"alternateName\":\"Bien \u00catre | Arr\u00eater de fumer - Perte de poids - Stop addictions - Reiki - Thetahealing\",\"potentialAction\":[{\"@type\":\"SearchAction\",\"target\":{\"@type\":\"EntryPoint\",\"urlTemplate\":\"https:\\\/\\\/bienetre.lu\\\/de\\\/?s={search_term_string}\"},\"query-input\":{\"@type\":\"PropertyValueSpecification\",\"valueRequired\":true,\"valueName\":\"search_term_string\"}}],\"inLanguage\":\"de\"},{\"@type\":\"Organization\",\"@id\":\"https:\\\/\\\/bienetre.lu\\\/de\\\/#organization\",\"name\":\"Bien \u00catre\",\"url\":\"https:\\\/\\\/bienetre.lu\\\/de\\\/\",\"logo\":{\"@type\":\"ImageObject\",\"inLanguage\":\"de\",\"@id\":\"https:\\\/\\\/bienetre.lu\\\/de\\\/#\\\/schema\\\/logo\\\/image\\\/\",\"url\":\"https:\\\/\\\/bienetre.lu\\\/wp-content\\\/uploads\\\/2024\\\/01\\\/logo-blanc.png\",\"contentUrl\":\"https:\\\/\\\/bienetre.lu\\\/wp-content\\\/uploads\\\/2024\\\/01\\\/logo-blanc.png\",\"width\":270,\"height\":255,\"caption\":\"Bien \u00catre\"},\"image\":{\"@id\":\"https:\\\/\\\/bienetre.lu\\\/de\\\/#\\\/schema\\\/logo\\\/image\\\/\"},\"sameAs\":[\"https:\\\/\\\/fr-fr.facebook.com\\\/bienetre.mertzig\",\"https:\\\/\\\/www.instagram.com\\\/bienetre_mertzig\\\/\"]}]}<\/script>\n<!-- \/ Yoast SEO plugin. -->","yoast_head_json":{"title":"Kontakt - Bienetre.lu | Mertzig - Luxembourg","robots":{"index":"index","follow":"follow","max-snippet":"max-snippet:-1","max-image-preview":"max-image-preview:large","max-video-preview":"max-video-preview:-1"},"canonical":"https:\/\/bienetre.lu\/de\/kontakt\/","og_locale":"de_DE","og_type":"article","og_title":"Kontakt - Bienetre.lu | Mertzig - Luxembourg","og_description":"Kontakt Frau Glodt Georgette Ihre Gesundheit ist uns wichtig und wir tun alles, damit Sie sich wohlf\u00fchlen! Georgette Glodt empf\u00e4ngt Sie und ber\u00e4t Sie pers\u00f6nlich in einer einladenden und entspannten [&hellip;]","og_url":"https:\/\/bienetre.lu\/de\/kontakt\/","og_site_name":"Bienetre.lu | Mertzig - Luxembourg","article_publisher":"https:\/\/fr-fr.facebook.com\/bienetre.mertzig","article_modified_time":"2024-01-23T12:04:07+00:00","og_image":[{"url":"https:\/\/bienetre.lu\/wp-content\/uploads\/2024\/01\/icone-laser-page.png","type":"","width":"","height":""}],"twitter_card":"summary_large_image","schema":{"@context":"https:\/\/schema.org","@graph":[{"@type":"WebPage","@id":"https:\/\/bienetre.lu\/de\/kontakt\/","url":"https:\/\/bienetre.lu\/de\/kontakt\/","name":"Kontakt - Bienetre.lu | Mertzig - Luxembourg","isPartOf":{"@id":"https:\/\/bienetre.lu\/de\/#website"},"primaryImageOfPage":{"@id":"https:\/\/bienetre.lu\/de\/kontakt\/#primaryimage"},"image":{"@id":"https:\/\/bienetre.lu\/de\/kontakt\/#primaryimage"},"thumbnailUrl":"https:\/\/bienetre.lu\/wp-content\/uploads\/2024\/01\/icone-laser-page.png","datePublished":"2016-09-22T09:05:09+00:00","dateModified":"2024-01-23T12:04:07+00:00","breadcrumb":{"@id":"https:\/\/bienetre.lu\/de\/kontakt\/#breadcrumb"},"inLanguage":"de","potentialAction":[{"@type":"ReadAction","target":["https:\/\/bienetre.lu\/de\/kontakt\/"]}]},{"@type":"ImageObject","inLanguage":"de","@id":"https:\/\/bienetre.lu\/de\/kontakt\/#primaryimage","url":"https:\/\/bienetre.lu\/wp-content\/uploads\/2024\/01\/icone-laser-page.png","contentUrl":"https:\/\/bienetre.lu\/wp-content\/uploads\/2024\/01\/icone-laser-page.png"},{"@type":"BreadcrumbList","@id":"https:\/\/bienetre.lu\/de\/kontakt\/#breadcrumb","itemListElement":[{"@type":"ListItem","position":1,"name":"Accueil","item":"https:\/\/bienetre.lu\/de\/"},{"@type":"ListItem","position":2,"name":"Kontakt"}]},{"@type":"WebSite","@id":"https:\/\/bienetre.lu\/de\/#website","url":"https:\/\/bienetre.lu\/de\/","name":"Bien \u00catre | Mertzig - Luxembourg","description":"Arr\u00eater de fumer - Perte de poids - Stop addictions - Reiki - Thetahealing","publisher":{"@id":"https:\/\/bienetre.lu\/de\/#organization"},"alternateName":"Bien \u00catre | Arr\u00eater de fumer - Perte de poids - Stop addictions - Reiki - Thetahealing","potentialAction":[{"@type":"SearchAction","target":{"@type":"EntryPoint","urlTemplate":"https:\/\/bienetre.lu\/de\/?s={search_term_string}"},"query-input":{"@type":"PropertyValueSpecification","valueRequired":true,"valueName":"search_term_string"}}],"inLanguage":"de"},{"@type":"Organization","@id":"https:\/\/bienetre.lu\/de\/#organization","name":"Bien \u00catre","url":"https:\/\/bienetre.lu\/de\/","logo":{"@type":"ImageObject","inLanguage":"de","@id":"https:\/\/bienetre.lu\/de\/#\/schema\/logo\/image\/","url":"https:\/\/bienetre.lu\/wp-content\/uploads\/2024\/01\/logo-blanc.png","contentUrl":"https:\/\/bienetre.lu\/wp-content\/uploads\/2024\/01\/logo-blanc.png","width":270,"height":255,"caption":"Bien \u00catre"},"image":{"@id":"https:\/\/bienetre.lu\/de\/#\/schema\/logo\/image\/"},"sameAs":["https:\/\/fr-fr.facebook.com\/bienetre.mertzig","https:\/\/www.instagram.com\/bienetre_mertzig\/"]}]}},"_links":{"self":[{"href":"https:\/\/bienetre.lu\/de\/wp-json\/wp\/v2\/pages\/10150","targetHints":{"allow":["GET"]}}],"collection":[{"href":"https:\/\/bienetre.lu\/de\/wp-json\/wp\/v2\/pages"}],"about":[{"href":"https:\/\/bienetre.lu\/de\/wp-json\/wp\/v2\/types\/page"}],"author":[{"embeddable":true,"href":"https:\/\/bienetre.lu\/de\/wp-json\/wp\/v2\/users\/1"}],"replies":[{"embeddable":true,"href":"https:\/\/bienetre.lu\/de\/wp-json\/wp\/v2\/comments?post=10150"}],"version-history":[{"count":1,"href":"https:\/\/bienetre.lu\/de\/wp-json\/wp\/v2\/pages\/10150\/revisions"}],"predecessor-version":[{"id":10155,"href":"https:\/\/bienetre.lu\/de\/wp-json\/wp\/v2\/pages\/10150\/revisions\/10155"}],"wp:attachment":[{"href":"https:\/\/bienetre.lu\/de\/wp-json\/wp\/v2\/media?parent=10150"}],"curies":[{"name":"wp","href":"https:\/\/api.w.org\/{rel}","templated":true}]}}